{"id":9,"date":"2025-05-09T10:42:07","date_gmt":"2025-05-09T10:42:07","guid":{"rendered":"https:\/\/dronesil.com.tr\/?page_id=9"},"modified":"2025-05-14T14:12:11","modified_gmt":"2025-05-14T14:12:11","slug":"dronesil-zirai-dron","status":"publish","type":"page","link":"https:\/\/dronesil.com.tr\/","title":{"rendered":"Dronesil zirai dron"},"content":{"rendered":"<div style=\"display:none\">\n<h1>Dronesil zirai dron<\/h1>\n<p>Dronesil zirai dron , T\u00fcrkiye&#8217;de tar\u0131msal insans\u0131z hava ara\u00e7lar\u0131 ve ilgili hizmetlerin lider sa\u011flay\u0131c\u0131s\u0131d\u0131r. Misyonumuz, en son teknolojiyi kullanarak \u00e7ift\u00e7ilerin faaliyetlerini geli\u015ftirmelerine yard\u0131mc\u0131 olmakt\u0131r. \u00c7ift\u00e7ilerin kar\u015f\u0131la\u015ft\u0131\u011f\u0131 zorluklar\u0131 anl\u0131yoruz ve verimlili\u011fi ve \u00fcretkenli\u011fi art\u0131ran \u00e7\u00f6z\u00fcmler sunmaya kendimizi adad\u0131k.<\/p>\n<p>Tar\u0131m drone&#8217;lar\u0131m\u0131z, y\u00fcksek \u00e7\u00f6z\u00fcn\u00fcrl\u00fckl\u00fc kameralar ve geli\u015fmi\u015f sens\u00f6rler gibi \u00f6zelliklerle \u00e7ift\u00e7ilerin ihtiya\u00e7lar\u0131n\u0131 kar\u015f\u0131lamak \u00fczere tasarlanm\u0131\u015ft\u0131r. Bu dronlar, \u00e7ift\u00e7ilerin geni\u015f arazileri h\u0131zl\u0131 bir \u015fekilde incelemesine ve bilin\u00e7li kararlar vermek i\u00e7in veri toplamas\u0131na olanak tan\u0131r. \u0130ster mahsul hastal\u0131klar\u0131n\u0131 tespit ediyor, ister toprak kalitesini de\u011ferlendiriyor veya su stresini izliyor olsun, dronlar\u0131m\u0131z mahsul verimi \u00fczerinde \u00f6nemli bir etkiye sahip olabilecek de\u011ferli bilgiler sa\u011flar.<\/p>\n<p>Tar\u0131msal insans\u0131z hava ara\u00e7lar\u0131 satman\u0131n yan\u0131 s\u0131ra, \u00e7ift\u00e7ilerin teknolojiyi operasyonlar\u0131na etkili bir \u015fekilde entegre etmelerine yard\u0131mc\u0131 olmak i\u00e7in e\u011fitim ve destek de sunuyoruz. Uzmanlardan olu\u015fan ekibimiz, m\u00fc\u015fterilerimizin ba\u015far\u0131l\u0131 olmak i\u00e7in ihtiya\u00e7 duyduklar\u0131 bilgi ve kaynaklara sahip olmas\u0131n\u0131 sa\u011flamaya kendini adam\u0131\u015ft\u0131r. Dronesil zirai dron olarak teknolojinin tar\u0131m\u0131n ilerlemesinde kritik bir rol oynayabilece\u011fine inan\u0131yoruz. Bu nedenle, \u00e7ift\u00e7ilerin geli\u015fmesine yard\u0131mc\u0131 olan y\u00fcksek kaliteli \u00fcr\u00fcnler ve hizmetler sunmaya kendimizi adad\u0131k. \u0130novasyona ve m\u00fc\u015fteri memnuniyetine odaklanarak T\u00fcrkiye&#8217;de tar\u0131m teknolojisi sekt\u00f6r\u00fcnde lider konumday\u0131z.<\/p>\n<div id=\"attachment_489\" style=\"width: 310px\" class=\"wp-caption alignnone\"><img loading=\"lazy\" decoding=\"async\" aria-describedby=\"caption-attachment-489\" class=\"size-medium wp-image-489\" src=\"https:\/\/dronesil.com.tr\/wp-content\/uploads\/2023\/01\/hubsan-zirai-drone-hubsan-tarim-ilaclama-1024x682-1-300x200.jpeg\" alt=\"\" width=\"300\" height=\"200\" srcset=\"https:\/\/dronesil.com.tr\/wp-content\/uploads\/2023\/01\/hubsan-zirai-drone-hubsan-tarim-ilaclama-1024x682-1-300x200.jpeg 300w, https:\/\/dronesil.com.tr\/wp-content\/uploads\/2023\/01\/hubsan-zirai-drone-hubsan-tarim-ilaclama-1024x682-1-800x533.jpeg 800w, https:\/\/dronesil.com.tr\/wp-content\/uploads\/2023\/01\/hubsan-zirai-drone-hubsan-tarim-ilaclama-1024x682-1-768x512.jpeg 768w, https:\/\/dronesil.com.tr\/wp-content\/uploads\/2023\/01\/hubsan-zirai-drone-hubsan-tarim-ilaclama-1024x682-1-219x146.jpeg 219w, https:\/\/dronesil.com.tr\/wp-content\/uploads\/2023\/01\/hubsan-zirai-drone-hubsan-tarim-ilaclama-1024x682-1-50x33.jpeg 50w, https:\/\/dronesil.com.tr\/wp-content\/uploads\/2023\/01\/hubsan-zirai-drone-hubsan-tarim-ilaclama-1024x682-1-113x75.jpeg 113w, https:\/\/dronesil.com.tr\/wp-content\/uploads\/2023\/01\/hubsan-zirai-drone-hubsan-tarim-ilaclama-1024x682-1.jpeg 1024w\" sizes=\"auto, (max-width: 300px) 100vw, 300px\" \/><p id=\"caption-attachment-489\" class=\"wp-caption-text\">Dronesil zirai dron<\/p><\/div>\n<div class=\"column mcb-column mcb-item-3be1221be one tablet-one mobile-one column_heading\">\n<div class=\"mcb-column-inner mcb-column-inner-3be1221be mcb-item-heading-inner\">\n<h2 class=\"title\">Dronesil zirai dron <\/h2>\n<\/div>\n<\/div>\n<div class=\"column mcb-column mcb-item-54646f181 one tablet-one mobile-one column_column\">\n<div class=\"mcb-column-inner mcb-column-inner-54646f181 mcb-item-column-inner\">\n<div class=\"column_attr mfn-inline-editor clearfix\">\n<p>Dronesil zirai dron, Dron sat\u0131\u015f\u0131nda uzmanla\u015fm\u0131\u015f bir \u015firkettir. Dronlar\u0131, tar\u0131m operasyonlar\u0131nda verimlili\u011fi ve \u00fcretkenli\u011fi art\u0131rmak i\u00e7in tasarlanm\u0131\u015ft\u0131r. En son teknolojiye sahip dronlar, k\u0131sa s\u00fcrede geni\u015f tar\u0131m arazilerini tarayabilir ve \u00e7ift\u00e7ilerin bilin\u00e7li kararlar almas\u0131na yard\u0131mc\u0131 olmak i\u00e7in de\u011ferli veriler toplayabilir. Dronlar, mahsul hastal\u0131\u011f\u0131, toprak kalitesi ve su stresi gibi sorunlar\u0131 tespit edebilen y\u00fcksek \u00e7\u00f6z\u00fcn\u00fcrl\u00fckl\u00fc kameralar ve sens\u00f6rler ile donat\u0131lm\u0131\u015ft\u0131r. Giderek daha fazla \u00e7ift\u00e7i bu teknolojiyi kullanman\u0131n faydalar\u0131n\u0131 fark ettik\u00e7e, \u015firketin dron sat\u0131\u015flar\u0131 h\u0131zla art\u0131yor. Dronesil zirai dron, dron sat\u0131\u015f\u0131na ek olarak, \u00e7ift\u00e7ilerin dronlar\u0131 faaliyetlerine etkili bir \u015fekilde entegre edebilmelerini sa\u011flamak i\u00e7in e\u011fitim ve destek de sa\u011fl\u0131yor.<\/p>\n<div id=\"attachment_455\" style=\"width: 310px\" class=\"wp-caption alignnone\"><img loading=\"lazy\" decoding=\"async\" aria-describedby=\"caption-attachment-455\" class=\"size-medium wp-image-455\" src=\"https:\/\/dronesil.com.tr\/wp-content\/uploads\/2023\/01\/3-300x180.png\" alt=\"\" width=\"300\" height=\"180\" srcset=\"https:\/\/dronesil.com.tr\/wp-content\/uploads\/2023\/01\/3-300x180.png 300w, https:\/\/dronesil.com.tr\/wp-content\/uploads\/2023\/01\/3-800x479.png 800w, https:\/\/dronesil.com.tr\/wp-content\/uploads\/2023\/01\/3-1024x613.png 1024w, https:\/\/dronesil.com.tr\/wp-content\/uploads\/2023\/01\/3-768x460.png 768w, https:\/\/dronesil.com.tr\/wp-content\/uploads\/2023\/01\/3-244x146.png 244w, https:\/\/dronesil.com.tr\/wp-content\/uploads\/2023\/01\/3-50x30.png 50w, https:\/\/dronesil.com.tr\/wp-content\/uploads\/2023\/01\/3-125x75.png 125w, https:\/\/dronesil.com.tr\/wp-content\/uploads\/2023\/01\/3.png 1500w\" sizes=\"auto, (max-width: 300px) 100vw, 300px\" \/><p id=\"caption-attachment-455\" class=\"wp-caption-text\">Dronesil zirai dron<\/p><\/div>\n<\/div>\n<h2>DJI AGRAS T10, T20, T30, T40 DRONLAR<\/h2>\n<p>Tar\u0131m dronlar\u0131 veya mahsul dronlar\u0131 olarak da bilinen tar\u0131m dronlar\u0131, \u00e7e\u015fitli tar\u0131m ve tar\u0131msal g\u00f6revler i\u00e7in kullan\u0131lan insans\u0131z hava ara\u00e7lar\u0131d\u0131r (\u0130HA&#8217;lar). Bu g\u00f6revler, mahsul p\u00fcsk\u00fcrtme, mahsul izleme, mahsul haritalama ve hassas tar\u0131m\u0131 i\u00e7erir. Son y\u0131llarda, daha verimli ve hassas tar\u0131m y\u00f6ntemlerine duyulan ihtiya\u00e7 nedeniyle tar\u0131msal insans\u0131z hava ara\u00e7lar\u0131na olan talep h\u0131zla art\u0131yor. Tar\u0131msal dronlar i\u00e7in k\u00fcresel pazar\u0131n, 2018&#8217;den 2023&#8217;e kadar olan tahmin d\u00f6neminde %16,2&#8217;lik bir YBBO ile b\u00fcy\u00fcyerek 2023 y\u0131l\u0131na kadar 5,9 milyar dolara ula\u015fmas\u0131 bekleniyor.<\/p>\n<p>Kuzey Amerika, tar\u0131msal dronlar i\u00e7in en b\u00fcy\u00fck pazard\u0131r ve Amerika Birle\u015fik Devletleri b\u00f6lgedeki en b\u00fcy\u00fck pazard\u0131r. Hassas tar\u0131m uygulamalar\u0131n\u0131n giderek daha fazla benimsenmesi, tar\u0131mda dronlar\u0131n kullan\u0131m\u0131na y\u00f6nelik h\u00fck\u00fcmet deste\u011fi ve pazardaki b\u00fcy\u00fck oyuncular\u0131n varl\u0131\u011f\u0131, Kuzey Amerika&#8217;daki tar\u0131msal drone pazar\u0131n\u0131n b\u00fcy\u00fcmesini sa\u011flayan temel fakt\u00f6rlerden baz\u0131lar\u0131d\u0131r.Asya-Pasifik b\u00f6lgesinin de, hassas tar\u0131m uygulamalar\u0131n\u0131n giderek daha fazla benimsenmesi ve \u00c7in, Japonya gibi \u00fclkelerde tar\u0131mda insans\u0131z hava ara\u00e7lar\u0131n\u0131n faydalar\u0131na ili\u015fkin artan fark\u0131ndal\u0131k nedeniyle, tahmin d\u00f6nemi boyunca tar\u0131msal drone pazar\u0131nda \u00f6nemli bir b\u00fcy\u00fcmeye tan\u0131k olmas\u0131 bekleniyor. ve Avustralya.<\/p>\n<p>Uygulama a\u00e7\u0131s\u0131ndan, mahsul ila\u00e7lama, tar\u0131msal drone pazar\u0131n\u0131n en b\u00fcy\u00fck uygulama segmentidir. Ekin p\u00fcsk\u00fcrtme i\u00e7in dronlar\u0131n kullan\u0131lmas\u0131, pestisitlerin ve g\u00fcbrelerin daha verimli ve hassas bir \u015fekilde uygulanmas\u0131na olanak tan\u0131yarak kullan\u0131lan kimyasal miktar\u0131n\u0131 azalt\u0131r ve mahsul verimini art\u0131r\u0131r. Genel olarak, tar\u0131msal dronlar \u00e7ift\u00e7iler ve tar\u0131m kurulu\u015flar\u0131 i\u00e7in giderek daha \u00f6nemli bir ara\u00e7 haline geliyor ve artan verimlilik, iyile\u015ftirilmi\u015f verim ve maliyet tasarrufu gibi bir dizi fayda sa\u011fl\u0131yor. K\u00fcresel n\u00fcfus artmaya devam ettik\u00e7e ve g\u0131daya olan talep artt\u0131k\u00e7a, tar\u0131mda drone kullan\u0131m\u0131n\u0131n gelecekte daha da yayg\u0131nla\u015fmas\u0131 muhtemeldir.<\/p>\n<\/div>\n<h2>TARIMSAL DRONE NED\u0130R ?<\/h2>\n<p>Tar\u0131m u\u00e7a\u011f\u0131 veya mahsul u\u00e7a\u011f\u0131 olarak da bilinen tar\u0131m u\u00e7a\u011f\u0131, \u00e7e\u015fitli tar\u0131m ve tar\u0131msal g\u00f6revler i\u00e7in kullan\u0131lan insans\u0131z bir hava arac\u0131d\u0131r (\u0130HA).\u00a0Bu g\u00f6revler, mahsul p\u00fcsk\u00fcrtme, mahsul izleme, mahsul haritalama ve hassas tar\u0131m\u0131 i\u00e7erir.\u00a0Tar\u0131msal dronlar, \u00e7ift\u00e7ilerin mahsul sa\u011fl\u0131\u011f\u0131, b\u00fcy\u00fcme modelleri ve verim tahminleri gibi mahsulleri hakk\u0131nda bilgi toplamas\u0131na olanak tan\u0131yan \u00e7e\u015fitli sens\u00f6rler ve kameralarla donat\u0131lm\u0131\u015ft\u0131r.\u00a0Bu bilgi, \u00e7ift\u00e7ilik uygulamalar\u0131n\u0131 optimize etmek, mahsul verimini art\u0131rmak ve kimyasallar\u0131n ve di\u011fer kaynaklar\u0131n kullan\u0131m\u0131n\u0131 azaltmak i\u00e7in kullan\u0131labilir.\u00a0Ek olarak, baz\u0131 tar\u0131m dronlar\u0131, \u00e7ift\u00e7ilerin geleneksel y\u00f6ntemlere g\u00f6re daha verimli ve daha hassas bir \u015fekilde b\u00f6cek ilac\u0131, g\u00fcbre ve tohum uygulamas\u0131na olanak tan\u0131yan p\u00fcsk\u00fcrt\u00fcc\u00fcler veya tohum da\u011f\u0131t\u0131c\u0131larla donat\u0131lm\u0131\u015ft\u0131r.<\/p>\n<\/div>\n<h2>DRONES\u0130L Z\u0130RA\u0130 DRON<\/h2>\n<p>Zirai dronlar<\/p>\n<p>\u00c7ift\u00e7i dronu<\/p>\n<p>\u0130la\u00e7lama dronu<\/p>\n<p>Antalya dron<\/p>\n<p>Antalya zirai dron<\/p>\n<p>Antalya g\u00f6lge tozu<\/p>\n<p>Dron g\u00f6lge tozu<\/p>\n<p>Dron ila\u00e7lama<\/p>\n<p>DRONES\u0130L<\/p>\n<p>DJI<\/p>\n<p>Dronesil zirai dron, dronlar\u0131<\/p>\n<p>\u00e7ift\u00e7i ila\u00e7lama dronu<\/p>\n<p>d\u0131ron<\/p>\n<p>DRONES\u0130L G\u00d6LGE TOZU<\/p>\n<p>\u00e7if\u00e7i d\u0131ronu<\/p>\n<p>tar\u0131m dron<\/p>\n<p>dronlar<\/p>\n<p>dj\u0131 dronlar<\/p>\n<p>Zirat\u00e7i dronu<\/p>\n<p><a href=\"https:\/\/dronesil.com.tr\/dronesil-iletisim\">\u0130leti\u015fim<\/a><\/p>\n<p><a href=\"https:\/\/www.instagram.com\/dronesil_ziraidron\/\">\u0130nstagram adresimiz<\/a><\/p><\/div>\n","protected":false},"excerpt":{"rendered":"<p>Dronesil zirai dron Dronesil zirai dron , T\u00fcrkiye&#8217;de tar\u0131msal insans\u0131z hava ara\u00e7lar\u0131 ve ilgili hizmetlerin lider sa\u011flay\u0131c\u0131s\u0131d\u0131r. Misyonumuz, en son teknolojiyi kullanarak \u00e7ift\u00e7ilerin faaliyetlerini geli\u015ftirmelerine yard\u0131mc\u0131<span class=\"excerpt-hellip\"> [\u2026]<\/span><\/p>\n","protected":false},"author":7,"featured_media":0,"parent":0,"menu_order":0,"comment_status":"closed","ping_status":"closed","template":"","meta":{"footnotes":""},"class_list":["post-9","page","type-page","status-publish","hentry"],"yoast_head":"<!-- This site is optimized with the Yoast SEO plugin v25.1 - https:\/\/yoast.com\/wordpress\/plugins\/seo\/ -->\n<title>Dronesil zirai dron | Ana sayfa<\/title>\n<meta name=\"description\" content=\"Dronesil, dron ile zirai ila\u00e7lama, sulama, g\u00f6lge tozu ve g\u00fcbreleme i\u015flemleri. Antalya zirai dron ve ila\u00e7lama.\" \/>\n<meta name=\"robots\" content=\"index, follow, max-snippet:-1, max-image-preview:large, max-video-preview:-1\" \/>\n<link rel=\"canonical\" href=\"https:\/\/dronesil.com.tr\/\" \/>\n<meta property=\"og:locale\" content=\"tr_TR\" \/>\n<meta property=\"og:type\" content=\"article\" \/>\n<meta property=\"og:title\" content=\"Dronesil zirai dron | Ana sayfa\" \/>\n<meta property=\"og:description\" content=\"Dronesil, dron ile zirai ila\u00e7lama, sulama, g\u00f6lge tozu ve g\u00fcbreleme i\u015flemleri. Antalya zirai dron ve ila\u00e7lama.\" \/>\n<meta property=\"og:url\" content=\"https:\/\/dronesil.com.tr\/\" \/>\n<meta property=\"og:site_name\" content=\"Dronesil Tar\u0131m\" \/>\n<meta property=\"article:publisher\" content=\"https:\/\/www.facebook.com\/bientarimvehavacilik\" \/>\n<meta property=\"article:modified_time\" content=\"2025-05-14T14:12:11+00:00\" \/>\n<meta property=\"og:image\" content=\"https:\/\/dronesil.com.tr\/wp-content\/uploads\/2023\/01\/hubsan-zirai-drone-hubsan-tarim-ilaclama-1024x682-1.jpeg\" \/>\n\t<meta property=\"og:image:width\" content=\"1024\" \/>\n\t<meta property=\"og:image:height\" content=\"682\" \/>\n\t<meta property=\"og:image:type\" content=\"image\/jpeg\" \/>\n<meta name=\"twitter:card\" content=\"summary_large_image\" \/>\n<meta name=\"twitter:label1\" content=\"Tahmini okuma s\u00fcresi\" \/>\n\t<meta name=\"twitter:data1\" content=\"5 dakika\" \/>\n<script type=\"application\/ld+json\" class=\"yoast-schema-graph\">{\"@context\":\"https:\/\/schema.org\",\"@graph\":[{\"@type\":\"WebPage\",\"@id\":\"https:\/\/dronesil.com.tr\/\",\"url\":\"https:\/\/dronesil.com.tr\/\",\"name\":\"Dronesil zirai dron | Ana sayfa\",\"isPartOf\":{\"@id\":\"https:\/\/dronesil.com.tr\/#website\"},\"primaryImageOfPage\":{\"@id\":\"https:\/\/dronesil.com.tr\/#primaryimage\"},\"image\":{\"@id\":\"https:\/\/dronesil.com.tr\/#primaryimage\"},\"thumbnailUrl\":\"https:\/\/dronesil.com.tr\/wp-content\/uploads\/2023\/01\/hubsan-zirai-drone-hubsan-tarim-ilaclama-1024x682-1-300x200.jpeg\",\"datePublished\":\"2025-05-09T10:42:07+00:00\",\"dateModified\":\"2025-05-14T14:12:11+00:00\",\"description\":\"Dronesil, dron ile zirai ila\u00e7lama, sulama, g\u00f6lge tozu ve g\u00fcbreleme i\u015flemleri. Antalya zirai dron ve ila\u00e7lama.\",\"breadcrumb\":{\"@id\":\"https:\/\/dronesil.com.tr\/#breadcrumb\"},\"inLanguage\":\"tr\",\"potentialAction\":[{\"@type\":\"ReadAction\",\"target\":[\"https:\/\/dronesil.com.tr\/\"]}]},{\"@type\":\"ImageObject\",\"inLanguage\":\"tr\",\"@id\":\"https:\/\/dronesil.com.tr\/#primaryimage\",\"url\":\"https:\/\/dronesil.com.tr\/wp-content\/uploads\/2023\/01\/hubsan-zirai-drone-hubsan-tarim-ilaclama-1024x682-1.jpeg\",\"contentUrl\":\"https:\/\/dronesil.com.tr\/wp-content\/uploads\/2023\/01\/hubsan-zirai-drone-hubsan-tarim-ilaclama-1024x682-1.jpeg\",\"width\":1024,\"height\":682,\"caption\":\"Bien tar\u0131m ve havac\u0131l\u0131k zirai dronlar\"},{\"@type\":\"BreadcrumbList\",\"@id\":\"https:\/\/dronesil.com.tr\/#breadcrumb\",\"itemListElement\":[{\"@type\":\"ListItem\",\"position\":1,\"name\":\"Anasayfa\",\"item\":\"https:\/\/dronesil.com.tr\/\"},{\"@type\":\"ListItem\",\"position\":2,\"name\":\"Dronesil zirai dron\"}]},{\"@type\":\"WebSite\",\"@id\":\"https:\/\/dronesil.com.tr\/#website\",\"url\":\"https:\/\/dronesil.com.tr\/\",\"name\":\"Dronesil Tar\u0131m\",\"description\":\"Zirai dron &amp; tar\u0131m teknolojileri\",\"publisher\":{\"@id\":\"https:\/\/dronesil.com.tr\/#organization\"},\"potentialAction\":[{\"@type\":\"SearchAction\",\"target\":{\"@type\":\"EntryPoint\",\"urlTemplate\":\"https:\/\/dronesil.com.tr\/?s={search_term_string}\"},\"query-input\":{\"@type\":\"PropertyValueSpecification\",\"valueRequired\":true,\"valueName\":\"search_term_string\"}}],\"inLanguage\":\"tr\"},{\"@type\":\"Organization\",\"@id\":\"https:\/\/dronesil.com.tr\/#organization\",\"name\":\"Dronesil Tar\u0131m\",\"url\":\"https:\/\/dronesil.com.tr\/\",\"logo\":{\"@type\":\"ImageObject\",\"inLanguage\":\"tr\",\"@id\":\"https:\/\/dronesil.com.tr\/#\/schema\/logo\/image\/\",\"url\":\"https:\/\/dronesil.com.tr\/wp-content\/uploads\/2023\/01\/bien.fw_.png\",\"contentUrl\":\"https:\/\/dronesil.com.tr\/wp-content\/uploads\/2023\/01\/bien.fw_.png\",\"width\":792,\"height\":792,\"caption\":\"Dronesil Tar\u0131m\"},\"image\":{\"@id\":\"https:\/\/dronesil.com.tr\/#\/schema\/logo\/image\/\"},\"sameAs\":[\"https:\/\/www.facebook.com\/bientarimvehavacilik\",\"https:\/\/www.instagram.com\/bientarimvehavacilik\/\"]}]}<\/script>\n<!-- \/ Yoast SEO plugin. -->","yoast_head_json":{"title":"Dronesil zirai dron | Ana sayfa","description":"Dronesil, dron ile zirai ila\u00e7lama, sulama, g\u00f6lge tozu ve g\u00fcbreleme i\u015flemleri. Antalya zirai dron ve ila\u00e7lama.","robots":{"index":"index","follow":"follow","max-snippet":"max-snippet:-1","max-image-preview":"max-image-preview:large","max-video-preview":"max-video-preview:-1"},"canonical":"https:\/\/dronesil.com.tr\/","og_locale":"tr_TR","og_type":"article","og_title":"Dronesil zirai dron | Ana sayfa","og_description":"Dronesil, dron ile zirai ila\u00e7lama, sulama, g\u00f6lge tozu ve g\u00fcbreleme i\u015flemleri. Antalya zirai dron ve ila\u00e7lama.","og_url":"https:\/\/dronesil.com.tr\/","og_site_name":"Dronesil Tar\u0131m","article_publisher":"https:\/\/www.facebook.com\/bientarimvehavacilik","article_modified_time":"2025-05-14T14:12:11+00:00","og_image":[{"width":1024,"height":682,"url":"https:\/\/dronesil.com.tr\/wp-content\/uploads\/2023\/01\/hubsan-zirai-drone-hubsan-tarim-ilaclama-1024x682-1.jpeg","type":"image\/jpeg"}],"twitter_card":"summary_large_image","twitter_misc":{"Tahmini okuma s\u00fcresi":"5 dakika"},"schema":{"@context":"https:\/\/schema.org","@graph":[{"@type":"WebPage","@id":"https:\/\/dronesil.com.tr\/","url":"https:\/\/dronesil.com.tr\/","name":"Dronesil zirai dron | Ana sayfa","isPartOf":{"@id":"https:\/\/dronesil.com.tr\/#website"},"primaryImageOfPage":{"@id":"https:\/\/dronesil.com.tr\/#primaryimage"},"image":{"@id":"https:\/\/dronesil.com.tr\/#primaryimage"},"thumbnailUrl":"https:\/\/dronesil.com.tr\/wp-content\/uploads\/2023\/01\/hubsan-zirai-drone-hubsan-tarim-ilaclama-1024x682-1-300x200.jpeg","datePublished":"2025-05-09T10:42:07+00:00","dateModified":"2025-05-14T14:12:11+00:00","description":"Dronesil, dron ile zirai ila\u00e7lama, sulama, g\u00f6lge tozu ve g\u00fcbreleme i\u015flemleri. Antalya zirai dron ve ila\u00e7lama.","breadcrumb":{"@id":"https:\/\/dronesil.com.tr\/#breadcrumb"},"inLanguage":"tr","potentialAction":[{"@type":"ReadAction","target":["https:\/\/dronesil.com.tr\/"]}]},{"@type":"ImageObject","inLanguage":"tr","@id":"https:\/\/dronesil.com.tr\/#primaryimage","url":"https:\/\/dronesil.com.tr\/wp-content\/uploads\/2023\/01\/hubsan-zirai-drone-hubsan-tarim-ilaclama-1024x682-1.jpeg","contentUrl":"https:\/\/dronesil.com.tr\/wp-content\/uploads\/2023\/01\/hubsan-zirai-drone-hubsan-tarim-ilaclama-1024x682-1.jpeg","width":1024,"height":682,"caption":"Bien tar\u0131m ve havac\u0131l\u0131k zirai dronlar"},{"@type":"BreadcrumbList","@id":"https:\/\/dronesil.com.tr\/#breadcrumb","itemListElement":[{"@type":"ListItem","position":1,"name":"Anasayfa","item":"https:\/\/dronesil.com.tr\/"},{"@type":"ListItem","position":2,"name":"Dronesil zirai dron"}]},{"@type":"WebSite","@id":"https:\/\/dronesil.com.tr\/#website","url":"https:\/\/dronesil.com.tr\/","name":"Dronesil Tar\u0131m","description":"Zirai dron &amp; tar\u0131m teknolojileri","publisher":{"@id":"https:\/\/dronesil.com.tr\/#organization"},"potentialAction":[{"@type":"SearchAction","target":{"@type":"EntryPoint","urlTemplate":"https:\/\/dronesil.com.tr\/?s={search_term_string}"},"query-input":{"@type":"PropertyValueSpecification","valueRequired":true,"valueName":"search_term_string"}}],"inLanguage":"tr"},{"@type":"Organization","@id":"https:\/\/dronesil.com.tr\/#organization","name":"Dronesil Tar\u0131m","url":"https:\/\/dronesil.com.tr\/","logo":{"@type":"ImageObject","inLanguage":"tr","@id":"https:\/\/dronesil.com.tr\/#\/schema\/logo\/image\/","url":"https:\/\/dronesil.com.tr\/wp-content\/uploads\/2023\/01\/bien.fw_.png","contentUrl":"https:\/\/dronesil.com.tr\/wp-content\/uploads\/2023\/01\/bien.fw_.png","width":792,"height":792,"caption":"Dronesil Tar\u0131m"},"image":{"@id":"https:\/\/dronesil.com.tr\/#\/schema\/logo\/image\/"},"sameAs":["https:\/\/www.facebook.com\/bientarimvehavacilik","https:\/\/www.instagram.com\/bientarimvehavacilik\/"]}]}},"_links":{"self":[{"href":"https:\/\/dronesil.com.tr\/index.php\/wp-json\/wp\/v2\/pages\/9","targetHints":{"allow":["GET"]}}],"collection":[{"href":"https:\/\/dronesil.com.tr\/index.php\/wp-json\/wp\/v2\/pages"}],"about":[{"href":"https:\/\/dronesil.com.tr\/index.php\/wp-json\/wp\/v2\/types\/page"}],"author":[{"embeddable":true,"href":"https:\/\/dronesil.com.tr\/index.php\/wp-json\/wp\/v2\/users\/7"}],"replies":[{"embeddable":true,"href":"https:\/\/dronesil.com.tr\/index.php\/wp-json\/wp\/v2\/comments?post=9"}],"version-history":[{"count":14,"href":"https:\/\/dronesil.com.tr\/index.php\/wp-json\/wp\/v2\/pages\/9\/revisions"}],"predecessor-version":[{"id":653,"href":"https:\/\/dronesil.com.tr\/index.php\/wp-json\/wp\/v2\/pages\/9\/revisions\/653"}],"wp:attachment":[{"href":"https:\/\/dronesil.com.tr\/index.php\/wp-json\/wp\/v2\/media?parent=9"}],"curies":[{"name":"wp","href":"https:\/\/api.w.org\/{rel}","templated":true}]}}